{"id":1042,"date":"2009-01-05T15:00:30","date_gmt":"2009-01-05T14:00:30","guid":{"rendered":"http:\/\/art.allgirls-berlin.org\/?page_id=1042"},"modified":"2009-03-01T14:43:26","modified_gmt":"2009-03-01T13:43:26","slug":"christine-kriegerowski-gewunschtes-durch-vorhandenes","status":"publish","type":"page","link":"https:\/\/art.allgirls-berlin.org\/?page_id=1042","title":{"rendered":"Christine Kriegerowski ::: Gew\u00fcnschtes durch Vorhandenes"},"content":{"rendered":"<div id=\"attachment_1044\" style=\"width: 293px\" class=\"wp-caption alignnone\"><img aria-describedby=\"caption-attachment-1044\" loading=\"lazy\" class=\"size-full wp-image-1044\" title=\"ck_vertrauen\" src=\"http:\/\/art.allgirls-berlin.org\/wp-content\/uploads\/2009\/01\/ck_vertrauen.jpg\" alt=\"ck_vertrauen\" width=\"283\" height=\"332\" srcset=\"https:\/\/art.allgirls-berlin.org\/wp-content\/uploads\/2009\/01\/ck_vertrauen.jpg 283w, https:\/\/art.allgirls-berlin.org\/wp-content\/uploads\/2009\/01\/ck_vertrauen-127x150.jpg 127w, https:\/\/art.allgirls-berlin.org\/wp-content\/uploads\/2009\/01\/ck_vertrauen-255x300.jpg 255w\" sizes=\"(max-width: 283px) 100vw, 283px\" \/><p id=\"caption-attachment-1044\" class=\"wp-caption-text\">Kriegerowski Tempel ::: Bastelbogen Geldautomat<\/p><\/div>\n<h3>Christine Kriegerowski und Christoph Tempel :::<br \/>\nGew\u00fcnschtes durch Vorhandenes<\/h3>\n<p><strong>Geldautomat zum Selberbasteln<\/strong><\/p>\n<p>Gew\u00fcnschtes durch Vorhandenes ist eine Formel um Vergr\u00f6\u00dferungs- oder Verkleinerungsma\u00dfst\u00e4be auszurechnen: Der tats\u00e4chliche Geldautomat ist 60 cm breit, die auf unseren Plan angegebene Breite ist 6 cm, 60 geteilt durch 6 ergibt 10. Multiplizieren Sie die Strecken auf dem Plan mit 10, um einen Automat in tats\u00e4chlicher Gr\u00f6\u00dfe zu erhalten. Sie k\u00f6nnen selbst bestimmen, wie gro\u00df Ihr Automat sein soll. Etwas anders verh\u00e4lt es sich beim Guthaben auf Ihrem Konto, hier k\u00f6nnen Sie mit unserer Formel nur ausrechnen, wie viel gr\u00f6\u00dfer es sein sollte, um Ihre W\u00fcnsche zu erf\u00fcllen.<\/p>\n<p>Mit freundlichen Gr\u00fc\u00dfen, Christine Kriegerowski und Christoph Tempel, Dezember 2008<\/p>\n<p><a href=\"http:\/\/art.allgirls-berlin.org\/wp-content\/uploads\/2009\/01\/geldautomat_bogen.pdf\">download Bastelbogen<\/a><\/p>\n<p><a href=\"http:\/\/www.umzaeuntegemeinschaft.de\" target=\"_blank\">see also Kriegerowski\/Tempel: umz\u00e4untegemeinschaft.de <\/a><\/p>\n","protected":false},"excerpt":{"rendered":"<p>Christine Kriegerowski und Christoph Tempel ::: Gew\u00fcnschtes durch Vorhandenes Geldautomat zum Selberbasteln Gew\u00fcnschtes durch Vorhandenes ist eine Formel um Vergr\u00f6\u00dferungs- oder Verkleinerungsma\u00dfst\u00e4be auszurechnen: Der tats\u00e4chliche Geldautomat ist 60 cm breit, die auf unseren Plan angegebene Breite ist 6 cm, 60 geteilt durch 6 ergibt 10. Multiplizieren Sie die Strecken auf dem Plan mit 10, um [&hellip;]<\/p>\n","protected":false},"author":1,"featured_media":0,"parent":0,"menu_order":0,"comment_status":"closed","ping_status":"open","template":"","meta":[],"_links":{"self":[{"href":"https:\/\/art.allgirls-berlin.org\/index.php?rest_route=\/wp\/v2\/pages\/1042"}],"collection":[{"href":"https:\/\/art.allgirls-berlin.org\/index.php?rest_route=\/wp\/v2\/pages"}],"about":[{"href":"https:\/\/art.allgirls-berlin.org\/index.php?rest_route=\/wp\/v2\/types\/page"}],"author":[{"embeddable":true,"href":"https:\/\/art.allgirls-berlin.org\/index.php?rest_route=\/wp\/v2\/users\/1"}],"replies":[{"embeddable":true,"href":"https:\/\/art.allgirls-berlin.org\/index.php?rest_route=%2Fwp%2Fv2%2Fcomments&post=1042"}],"version-history":[{"count":15,"href":"https:\/\/art.allgirls-berlin.org\/index.php?rest_route=\/wp\/v2\/pages\/1042\/revisions"}],"predecessor-version":[{"id":1047,"href":"https:\/\/art.allgirls-berlin.org\/index.php?rest_route=\/wp\/v2\/pages\/1042\/revisions\/1047"}],"wp:attachment":[{"href":"https:\/\/art.allgirls-berlin.org\/index.php?rest_route=%2Fwp%2Fv2%2Fmedia&parent=1042"}],"curies":[{"name":"wp","href":"https:\/\/api.w.org\/{rel}","templated":true}]}}